{"id":778,"date":"2019-01-04T16:48:31","date_gmt":"2019-01-04T16:48:31","guid":{"rendered":"https:\/\/avadawebsites.wpengine.com\/barber-shop\/my-account\/"},"modified":"2019-01-04T16:48:31","modified_gmt":"2019-01-04T16:48:31","slug":"my-account-2","status":"publish","type":"page","link":"https:\/\/seuproximonivel.com\/spn\/my-account-2\/","title":{"rendered":"My Account"},"content":{"rendered":"<div class=\"fusion-fullwidth fullwidth-box fusion-builder-row-1 fusion-flex-container nonhundred-percent-fullwidth non-hundred-percent-height-scrolling\" style=\"--awb-border-radius-top-left:0px;--awb-border-radius-top-right:0px;--awb-border-radius-bottom-right:0px;--awb-border-radius-bottom-left:0px;--awb-flex-wrap:wrap;\" ><div class=\"fusion-builder-row fusion-row fusion-flex-align-items-flex-start fusion-flex-content-wrap\" style=\"max-width:calc( 1140px + 0px );margin-left: calc(-0px \/ 2 );margin-right: calc(-0px \/ 2 );\"><div class=\"fusion-layout-column fusion_builder_column fusion-builder-column-0 fusion_builder_column_1_1 1_1 fusion-flex-column\" style=\"--awb-bg-size:cover;--awb-width-large:100%;--awb-margin-top-large:0px;--awb-spacing-right-large:0px;--awb-margin-bottom-large:0px;--awb-spacing-left-large:0px;--awb-width-medium:100%;--awb-spacing-right-medium:0px;--awb-spacing-left-medium:0px;--awb-width-small:100%;--awb-spacing-right-small:0px;--awb-spacing-left-small:0px;\"><div class=\"fusion-column-wrapper fusion-flex-justify-content-flex-start fusion-content-layout-column\"><div class=\"fusion-text fusion-text-1\"><div class=\"woocommerce\"><\/div>\n<\/div><\/div><\/div><\/div><\/div>\n","protected":false},"excerpt":{"rendered":"","protected":false},"author":1,"featured_media":0,"parent":0,"menu_order":0,"comment_status":"closed","ping_status":"closed","template":"100-width.php","meta":{"footnotes":""},"class_list":["post-778","page","type-page","status-publish","hentry"],"yoast_head":"<!-- This site is optimized with the Yoast SEO plugin v27.2 - https:\/\/yoast.com\/product\/yoast-seo-wordpress\/ -->\n<title>My Account - Seu Pr\u00f3ximo N\u00edvel<\/title>\n<meta name=\"robots\" content=\"index, follow, max-snippet:-1, max-image-preview:large, max-video-preview:-1\" \/>\n<link rel=\"canonical\" href=\"https:\/\/seuproximonivel.com\/spn\/my-account-2\/\" \/>\n<meta property=\"og:locale\" content=\"pt_BR\" \/>\n<meta property=\"og:type\" content=\"article\" \/>\n<meta property=\"og:title\" content=\"My Account - Seu Pr\u00f3ximo N\u00edvel\" \/>\n<meta property=\"og:url\" content=\"https:\/\/seuproximonivel.com\/spn\/my-account-2\/\" \/>\n<meta property=\"og:site_name\" content=\"Seu Pr\u00f3ximo N\u00edvel\" \/>\n<meta name=\"twitter:card\" content=\"summary_large_image\" \/>\n<meta name=\"twitter:label1\" content=\"Est. tempo de leitura\" \/>\n\t<meta name=\"twitter:data1\" content=\"1 minuto\" \/>\n<script type=\"application\/ld+json\" class=\"yoast-schema-graph\">{\"@context\":\"https:\/\/schema.org\",\"@graph\":[{\"@type\":\"WebPage\",\"@id\":\"https:\/\/seuproximonivel.com\/spn\/my-account-2\/\",\"url\":\"https:\/\/seuproximonivel.com\/spn\/my-account-2\/\",\"name\":\"My Account - Seu Pr\u00f3ximo N\u00edvel\",\"isPartOf\":{\"@id\":\"https:\/\/seuproximonivel.com\/spn\/#website\"},\"datePublished\":\"2019-01-04T16:48:31+00:00\",\"breadcrumb\":{\"@id\":\"https:\/\/seuproximonivel.com\/spn\/my-account-2\/#breadcrumb\"},\"inLanguage\":\"pt-BR\",\"potentialAction\":[{\"@type\":\"ReadAction\",\"target\":[\"https:\/\/seuproximonivel.com\/spn\/my-account-2\/\"]}]},{\"@type\":\"BreadcrumbList\",\"@id\":\"https:\/\/seuproximonivel.com\/spn\/my-account-2\/#breadcrumb\",\"itemListElement\":[{\"@type\":\"ListItem\",\"position\":1,\"name\":\"In\u00edcio\",\"item\":\"https:\/\/seuproximonivel.com\/spn\/\"},{\"@type\":\"ListItem\",\"position\":2,\"name\":\"My Account\"}]},{\"@type\":\"WebSite\",\"@id\":\"https:\/\/seuproximonivel.com\/spn\/#website\",\"url\":\"https:\/\/seuproximonivel.com\/spn\/\",\"name\":\"Seu Pr\u00f3ximo N\u00edvel\",\"description\":\"Transformo seu Neg\u00f3cio em uma verdadeira M\u00c1QUINA DE VENDAS!\",\"potentialAction\":[{\"@type\":\"SearchAction\",\"target\":{\"@type\":\"EntryPoint\",\"urlTemplate\":\"https:\/\/seuproximonivel.com\/spn\/?s={search_term_string}\"},\"query-input\":{\"@type\":\"PropertyValueSpecification\",\"valueRequired\":true,\"valueName\":\"search_term_string\"}}],\"inLanguage\":\"pt-BR\"}]}<\/script>\n<!-- \/ Yoast SEO plugin. -->","yoast_head_json":{"title":"My Account - Seu Pr\u00f3ximo N\u00edvel","robots":{"index":"index","follow":"follow","max-snippet":"max-snippet:-1","max-image-preview":"max-image-preview:large","max-video-preview":"max-video-preview:-1"},"canonical":"https:\/\/seuproximonivel.com\/spn\/my-account-2\/","og_locale":"pt_BR","og_type":"article","og_title":"My Account - Seu Pr\u00f3ximo N\u00edvel","og_url":"https:\/\/seuproximonivel.com\/spn\/my-account-2\/","og_site_name":"Seu Pr\u00f3ximo N\u00edvel","twitter_card":"summary_large_image","twitter_misc":{"Est. tempo de leitura":"1 minuto"},"schema":{"@context":"https:\/\/schema.org","@graph":[{"@type":"WebPage","@id":"https:\/\/seuproximonivel.com\/spn\/my-account-2\/","url":"https:\/\/seuproximonivel.com\/spn\/my-account-2\/","name":"My Account - Seu Pr\u00f3ximo N\u00edvel","isPartOf":{"@id":"https:\/\/seuproximonivel.com\/spn\/#website"},"datePublished":"2019-01-04T16:48:31+00:00","breadcrumb":{"@id":"https:\/\/seuproximonivel.com\/spn\/my-account-2\/#breadcrumb"},"inLanguage":"pt-BR","potentialAction":[{"@type":"ReadAction","target":["https:\/\/seuproximonivel.com\/spn\/my-account-2\/"]}]},{"@type":"BreadcrumbList","@id":"https:\/\/seuproximonivel.com\/spn\/my-account-2\/#breadcrumb","itemListElement":[{"@type":"ListItem","position":1,"name":"In\u00edcio","item":"https:\/\/seuproximonivel.com\/spn\/"},{"@type":"ListItem","position":2,"name":"My Account"}]},{"@type":"WebSite","@id":"https:\/\/seuproximonivel.com\/spn\/#website","url":"https:\/\/seuproximonivel.com\/spn\/","name":"Seu Pr\u00f3ximo N\u00edvel","description":"Transformo seu Neg\u00f3cio em uma verdadeira M\u00c1QUINA DE VENDAS!","potentialAction":[{"@type":"SearchAction","target":{"@type":"EntryPoint","urlTemplate":"https:\/\/seuproximonivel.com\/spn\/?s={search_term_string}"},"query-input":{"@type":"PropertyValueSpecification","valueRequired":true,"valueName":"search_term_string"}}],"inLanguage":"pt-BR"}]}},"_links":{"self":[{"href":"https:\/\/seuproximonivel.com\/spn\/wp-json\/wp\/v2\/pages\/778","targetHints":{"allow":["GET"]}}],"collection":[{"href":"https:\/\/seuproximonivel.com\/spn\/wp-json\/wp\/v2\/pages"}],"about":[{"href":"https:\/\/seuproximonivel.com\/spn\/wp-json\/wp\/v2\/types\/page"}],"author":[{"embeddable":true,"href":"https:\/\/seuproximonivel.com\/spn\/wp-json\/wp\/v2\/users\/1"}],"replies":[{"embeddable":true,"href":"https:\/\/seuproximonivel.com\/spn\/wp-json\/wp\/v2\/comments?post=778"}],"version-history":[{"count":0,"href":"https:\/\/seuproximonivel.com\/spn\/wp-json\/wp\/v2\/pages\/778\/revisions"}],"wp:attachment":[{"href":"https:\/\/seuproximonivel.com\/spn\/wp-json\/wp\/v2\/media?parent=778"}],"curies":[{"name":"wp","href":"https:\/\/api.w.org\/{rel}","templated":true}]}}